{"id":2109,"date":"2021-03-26T08:35:58","date_gmt":"2021-03-26T08:35:58","guid":{"rendered":"http:\/\/localhost\/nuss\/?page_id=536"},"modified":"2026-04-12T01:02:38","modified_gmt":"2026-04-12T01:02:38","slug":"instalaciones-comerciales","status":"publish","type":"page","link":"https:\/\/yibohotelzhuhai.com\/es\/business-facilities\/","title":{"rendered":"Instalaciones comerciales"},"content":{"rendered":"<div data-elementor-type=\"wp-page\" data-elementor-id=\"2109\" class=\"elementor elementor-2109\">\n\t\t\t\t\t\t<section class=\"elementor-section elementor-top-section elementor-element elementor-element-bb2901b elementor-section-boxed elementor-section-gap-beside-yes elementor-section-height-default elementor-section-height-default elementor-section-column-vertical-align-stretch\" data-id=\"bb2901b\" data-element_type=\"section\" data-e-type=\"section\">\n\t\t\t\t\t\t<div class=\"elementor-container elementor-column-gap-extended\">\n\t\t\t\t\t<div class=\"elementor-column elementor-col-100 elementor-top-column elementor-element elementor-element-1919db9\" data-id=\"1919db9\" data-element_type=\"column\" data-e-type=\"column\">\n\t\t\t<div class=\"elementor-widget-wrap elementor-element-populated\">\n\t\t\t\t\t\t<div class=\"elementor-element elementor-element-41a7b9c elementor-widget__width-initial elementor-invisible elementor-widget elementor-widget-text-editor\" data-id=\"41a7b9c\" data-element_type=\"widget\" data-e-type=\"widget\" data-settings=\"{&quot;_animation&quot;:&quot;nussFadeInUp&quot;}\" data-widget_type=\"text-editor.default\">\n\t\t\t\t\t\t\t\t\tInstalaciones comerciales en el Hotel Yibo (Tienda Fuhuali del Puerto Gongbei de Zhuhai): su socio estrat\u00e9gico para el \u00e9xito empresarial en Zhuhai.\t\t\t\t\t\t\t\t<\/div>\n\t\t\t\t\t<\/div>\n\t\t<\/div>\n\t\t\t\t\t<\/div>\n\t\t<\/section>\n\t\t<div class=\"elementor-element elementor-element-1773ad0 e-flex e-con-boxed e-con e-parent\" data-id=\"1773ad0\" data-element_type=\"container\" data-e-type=\"container\">\n\t\t\t\t\t<div class=\"e-con-inner\">\n\t\t\t\t<div class=\"elementor-element elementor-element-33ad5f6 elementor-widget elementor-widget-text-editor\" data-id=\"33ad5f6\" data-element_type=\"widget\" data-e-type=\"widget\" data-widget_type=\"text-editor.default\">\n\t\t\t\t\t\t\t\t\t<div class=\"qwen-markdown-paragraph\" data-spm-anchor-id=\"a2ty_o01.29997173.0.i19.f4255171KDUrLE\"><span class=\"qwen-markdown-text\">Mejora tu experiencia de viajes de negocios en <\/span><strong class=\"qwen-markdown-strong\"><span class=\"qwen-markdown-text\">Yibo Hotel (tienda Fuhuali del puerto Zhuhai Gongbei)<\/span><\/strong><span class=\"qwen-markdown-text\">, Un sofisticado hotel boutique dise\u00f1ado para satisfacer las necesidades din\u00e1micas de profesionales, emprendedores y equipos corporativos modernos. Ubicado en el piso 21 del Edificio A, Fuli Xintiandi, No. 68 Yuesheng Road, Distrito Xiangzhou, Zhuhai, Guangdong, China, nuestro establecimiento combina a la perfecci\u00f3n una ubicaci\u00f3n estrat\u00e9gica con servicios empresariales de primera categor\u00eda para garantizar productividad, profesionalismo y tranquilidad durante su estad\u00eda.<\/span><\/div><div class=\"qwen-markdown-space\">\u00a0<\/div><h2 class=\"qwen-markdown-heading\"><span class=\"qwen-markdown-text\">Espacios para reuniones y conferencias dise\u00f1ados espec\u00edficamente para este fin.<\/span><\/h2><div class=\"qwen-markdown-paragraph\"><span class=\"qwen-markdown-text\">Celebre reuniones impactantes, presentaciones a clientes o sesiones de estrategia de equipo en nuestras instalaciones para conferencias, flexibles y bien equipadas. El Hotel Yibo ofrece salas de reuniones vers\u00e1tiles con sistemas de proyecci\u00f3n de alta definici\u00f3n, tecnolog\u00eda de presentaci\u00f3n inal\u00e1mbrica, iluminaci\u00f3n regulable y climatizaci\u00f3n para crear el entorno ideal para la colaboraci\u00f3n. Ya sea que organice una reuni\u00f3n ejecutiva \u00edntima para 10 participantes o un taller de tama\u00f1o mediano para hasta 50 asistentes, nuestro equipo de eventos le brindar\u00e1 asistencia integral: desde la preparaci\u00f3n de la sala y la coordinaci\u00f3n audiovisual hasta la organizaci\u00f3n del catering y la asistencia t\u00e9cnica. La conectividad Wi-Fi y por cable de alta velocidad garantiza videoconferencias fluidas con equipos globales, mientras que los interiores insonorizados garantizan privacidad y concentraci\u00f3n.<\/span><\/div><div class=\"qwen-markdown-space\">\u00a0<\/div><h2 class=\"qwen-markdown-heading\"><span class=\"qwen-markdown-text\">Servicios integrales para centros de negocios<\/span><\/h2><div class=\"qwen-markdown-paragraph\"><span class=\"qwen-markdown-text\">Nuestro centro de negocios, abierto las 24 horas, funciona como su oficina externa, ofreci\u00e9ndole un entorno tranquilo y profesional para ponerse al d\u00eda con el trabajo en cualquier momento. Acceda a internet de alta velocidad gratuito, estaciones de trabajo con sillas ergon\u00f3micas y una completa gama de herramientas administrativas, incluyendo impresi\u00f3n a color, escaneo, copiado y encuadernaci\u00f3n de documentos. \u00bfNecesita material para presentaciones de \u00faltima hora o revisiones de contratos? Nuestro atento personal est\u00e1 disponible para ayudarle con asistencia secretarial, coordinaci\u00f3n de traducciones, servicios de mensajer\u00eda y asesoramiento para el registro de empresas locales. Para viajeros internacionales, tambi\u00e9n ofrecemos asistencia multiling\u00fce y referencias a servicios notariales para facilitar las gestiones transfronterizas.<\/span><\/div><div class=\"qwen-markdown-space\">\u00a0<\/div><h2 class=\"qwen-markdown-heading\"><span class=\"qwen-markdown-text\">Habitaciones optimizadas para el trabajo del profesional m\u00f3vil.<\/span><\/h2><div class=\"qwen-markdown-paragraph\"><span class=\"qwen-markdown-text\">Todas las habitaciones del Hotel Yibo est\u00e1n dise\u00f1adas pensando en el viajero de negocios. Sus amplias superficies (de 41 a 60 m\u00b2) incluyen zonas de trabajo con escritorios grandes, sillas ergon\u00f3micas y m\u00faltiples tomas de corriente, incluyendo adaptadores universales y puertos de carga USB. Los ventanales de suelo a techo inundan la habitaci\u00f3n de luz natural y ofrecen impresionantes vistas de la ciudad, mientras que las cortinas opacas garantizan un descanso reparador tras largas jornadas de conferencias. Los colchones de l\u00e1tex Simmons de primera calidad, las ventanas insonorizadas y el sistema de climatizaci\u00f3n inteligente crean un ambiente revitalizante, y la conexi\u00f3n Wi-Fi de alta velocidad gratuita en todo el hotel le mantiene conectado sin interrupciones. Reserve nuestra Sala de Proyector Premier para ver presentaciones en una pantalla de 100 pulgadas o rel\u00e1jese con una proyecci\u00f3n privada tras un d\u00eda productivo.<\/span><\/div><div class=\"qwen-markdown-space\">\u00a0<\/div><h2 class=\"qwen-markdown-heading\"><span class=\"qwen-markdown-text\">Ubicaci\u00f3n estrat\u00e9gica para la eficiencia empresarial<\/span><\/h2><div class=\"qwen-markdown-paragraph\"><span class=\"qwen-markdown-text\">Situado en el pr\u00f3spero distrito de Xiangzhou de Zhuhai, el Hotel Yibo lo ubica en el centro del comercio, el transporte y las oportunidades. A pocos pasos de <\/span><strong class=\"qwen-markdown-strong\"><span class=\"qwen-markdown-text\">Puerto de Gongbei<\/span><\/strong><span class=\"qwen-markdown-text\">, Situado en el principal paso fronterizo terrestre hacia Macao, nuestro hotel es ideal para profesionales que gestionan operaciones transfronterizas, ferias comerciales o giras de ventas regionales. <\/span><strong class=\"qwen-markdown-strong\"><span class=\"qwen-markdown-text\">Estaci\u00f3n de tren de Zhuhai<\/span><\/strong><span class=\"qwen-markdown-text\"> A pocos minutos, ofrece conexiones ferroviarias de alta velocidad con Guangzhou, Shenzhen y Hong Kong, lo que permite realizar excursiones de un d\u00eda a los principales centros de negocios. El complejo Fuli Xintiandi, en los alrededores, alberga bancos, oficinas corporativas, espacios de coworking y restaurantes internacionales, mientras que las paradas de taxi y los puntos de recogida de servicios de transporte compartido cercanos garantizan traslados r\u00e1pidos al aeropuerto de Zhuhai Jinwan, centros de convenciones o zonas industriales.<\/span><\/div><div class=\"qwen-markdown-space\">\u00a0<\/div><h2 class=\"qwen-markdown-heading\"><span class=\"qwen-markdown-text\">Servicios y comodidades corporativas a medida<\/span><\/h2><div class=\"qwen-markdown-paragraph\"><span class=\"qwen-markdown-text\">Entendemos que los viajes de negocios requieren m\u00e1s que un simple lugar para dormir. Por eso, el Hotel Yibo ofrece una gama de servicios de valor a\u00f1adido dise\u00f1ados para ahorrarle tiempo y reducir el estr\u00e9s:<\/span><\/div><div class=\"qwen-markdown-space\">\u00a0<\/div><ul class=\"qwen-markdown-list\" dir=\"auto\"><li><strong class=\"qwen-markdown-strong\"><span class=\"qwen-markdown-text\">Registro de entrada\/salida expr\u00e9s<\/span><\/strong><span class=\"qwen-markdown-text\">Minimice los tiempos de espera con nuestro proceso de llegada y salida optimizado. <\/span><\/li><li><strong class=\"qwen-markdown-strong\"><span class=\"qwen-markdown-text\">Servicio de consigna de equipaje gratuito<\/span><\/strong><span class=\"qwen-markdown-text\">: Guarde sus maletas de forma segura antes del check-in o despu\u00e9s del check-out para una mayor flexibilidad en la programaci\u00f3n. <\/span><\/li><li><strong class=\"qwen-markdown-strong\"><span class=\"qwen-markdown-text\">Recepci\u00f3n y servicio de mayordomo las 24 horas, los 7 d\u00edas de la semana.<\/span><\/strong><span class=\"qwen-markdown-text\">Reciba asistencia personalizada con transporte, reservas en restaurantes o solicitudes urgentes a cualquier hora. <\/span><\/li><li><strong class=\"qwen-markdown-strong\"><span class=\"qwen-markdown-text\">Servicios de lavander\u00eda y tintorer\u00eda<\/span><\/strong><span class=\"qwen-markdown-text\">Mant\u00e9n una apariencia impecable con el cuidado de prendas el mismo d\u00eda. <\/span><\/li><li><strong class=\"qwen-markdown-strong\"><span class=\"qwen-markdown-text\">Estaciones de carga para veh\u00edculos el\u00e9ctricos<\/span><\/strong><span class=\"qwen-markdown-text\">: Recarga pr\u00e1ctica para veh\u00edculos el\u00e9ctricos, que fomenta los viajes de negocios sostenibles. <\/span><\/li><li><strong class=\"qwen-markdown-strong\"><span class=\"qwen-markdown-text\">Servicio de conserjer\u00eda para empresas locales<\/span><\/strong><span class=\"qwen-markdown-text\">Aproveche el conocimiento de nuestro equipo sobre el panorama comercial de Zhuhai para obtener recomendaciones de lugares, contactos con proveedores o informaci\u00f3n cultural.<\/span><\/li><\/ul><div class=\"qwen-markdown-space\">\u00a0<\/div><h2 class=\"qwen-markdown-heading\"><span class=\"qwen-markdown-text\">Ideal para estancias prolongadas y equipos de proyecto.<\/span><\/h2><div class=\"qwen-markdown-paragraph\"><span class=\"qwen-markdown-text\">\u00bfPlanea una estancia de varias semanas o alojar a un equipo de proyecto en Zhuhai? El Hotel Yibo ofrece alojamiento para estancias largas a hu\u00e9spedes corporativos con opciones de reserva flexibles, servicio de limpieza semanal y habitaciones con cocina americana bajo petici\u00f3n. Nuestro entorno tranquilo y de estilo residencial en Fuli Xintiandi proporciona un ambiente equilibrado para trabajar con concentraci\u00f3n y relajarse, mientras que los gimnasios, cafeter\u00edas y zonas verdes cercanas favorecen el bienestar durante estancias prolongadas.<\/span><\/div><div class=\"qwen-markdown-space\">\u00a0<\/div><h2 class=\"qwen-markdown-heading\"><span class=\"qwen-markdown-text\">\u00bfPor qu\u00e9 los clientes corporativos eligen el Hotel Yibo Zhuhai?<\/span><\/h2><div class=\"qwen-markdown-paragraph\"><span class=\"qwen-markdown-text\">\u2705 Ubicaci\u00f3n c\u00e9ntrica con f\u00e1cil acceso al puerto de Gongbei, Macao y los centros de negocios de la Gran \u00c1rea de la Bah\u00eda.<\/span><br \/><span class=\"qwen-markdown-text\">\u2705 Espacios para reuniones profesionales con tecnolog\u00eda audiovisual avanzada y asistencia especializada para eventos.<\/span><br \/><span class=\"qwen-markdown-text\">\u2705 Centro de negocios abierto las 24 horas con servicios administrativos y de secretar\u00eda completos.<\/span><br \/><span class=\"qwen-markdown-text\">\u2705 Habitaciones optimizadas para el trabajo con dise\u00f1o ergon\u00f3mico, conectividad de alta velocidad y confort superior.<\/span><br \/><span class=\"qwen-markdown-text\">\u2705 Servicio de mayordomo personalizado y recepci\u00f3n 24\/7 para una hospitalidad eficiente y sin complicaciones.<\/span><br \/><span class=\"qwen-markdown-text\">\u2705 Rodeado de opciones de restaurantes, bancos y transporte para una m\u00e1xima comodidad. <\/span><\/div><div class=\"qwen-markdown-space\">\u00a0<\/div><div class=\"qwen-markdown-paragraph\" data-spm-anchor-id=\"a2ty_o01.29997173.0.i18.f4255171KDUrLE\"><span class=\"qwen-markdown-text\">Ya sea que asista a una feria comercial en Zhuhai, gestione operaciones transfronterizas con Macao o lidere una sesi\u00f3n de estrategia regional en el \u00c1rea de la Gran Bah\u00eda, <\/span><strong class=\"qwen-markdown-strong\"><span class=\"qwen-markdown-text\">Yibo Hotel (tienda Fuhuali del puerto Zhuhai Gongbei)<\/span><\/strong><span class=\"qwen-markdown-text\"> Le ofrecemos la infraestructura, el servicio y la ventaja estrat\u00e9gica que su empresa necesita. Elija nuestro hotel para su pr\u00f3xima estancia corporativa y disfrute de una experiencia que trabaja tan duro como usted.<\/span><\/div>\t\t\t\t\t\t\t\t<\/div>\n\t\t\t\t\t<\/div>\n\t\t\t\t<\/div>\n\t\t\t\t<\/div>","protected":false},"excerpt":{"rendered":"<p>Business Facilities at Yibo Hotel (Zhuhai Gongbei Port Fuhuali Store) \u2013 Your Strategic Partner for Corporate Success in ZhuhaiElevate your business travel experience at Yibo Hotel (Zhuhai Gongbei Port Fuhuali Store), a sophisticated boutique hotel designed to meet the dynamic needs of modern professionals, entrepreneurs, and corporate teams. Located on the 21st floor of Building [&hellip;]<\/p>\n","protected":false},"author":1,"featured_media":0,"parent":0,"menu_order":0,"comment_status":"closed","ping_status":"closed","template":"elementor_header_footer","meta":{"footnotes":""},"class_list":["post-2109","page","type-page","status-publish","hentry","post-no-thumbnail"],"_links":{"self":[{"href":"https:\/\/yibohotelzhuhai.com\/es\/wp-json\/wp\/v2\/pages\/2109","targetHints":{"allow":["GET"]}}],"collection":[{"href":"https:\/\/yibohotelzhuhai.com\/es\/wp-json\/wp\/v2\/pages"}],"about":[{"href":"https:\/\/yibohotelzhuhai.com\/es\/wp-json\/wp\/v2\/types\/page"}],"author":[{"embeddable":true,"href":"https:\/\/yibohotelzhuhai.com\/es\/wp-json\/wp\/v2\/users\/1"}],"replies":[{"embeddable":true,"href":"https:\/\/yibohotelzhuhai.com\/es\/wp-json\/wp\/v2\/comments?post=2109"}],"version-history":[{"count":0,"href":"https:\/\/yibohotelzhuhai.com\/es\/wp-json\/wp\/v2\/pages\/2109\/revisions"}],"wp:attachment":[{"href":"https:\/\/yibohotelzhuhai.com\/es\/wp-json\/wp\/v2\/media?parent=2109"}],"curies":[{"name":"wp","href":"https:\/\/api.w.org\/{rel}","templated":true}]}}